{"id":66,"date":"2013-01-28T13:56:58","date_gmt":"2013-01-28T13:56:58","guid":{"rendered":"http:\/\/wordpress.eintrachtmittelgruendau.de\/?page_id=66"},"modified":"2025-06-10T22:24:35","modified_gmt":"2025-06-10T20:24:35","slug":"kontakt","status":"publish","type":"page","link":"https:\/\/eintrachtmittelgruendau.de\/?page_id=66","title":{"rendered":"Kontakt"},"content":{"rendered":"<p>Iris Walter<br \/>\nIm Wagnersgrund 8<br \/>\n63584 Mittel-Gr\u00fcndau<br \/>\nTel. 06058-910141<br \/>\nE-Mail: <a href=\"mailto:iris@i-walter.de\">Iris Walter<\/a><\/p>\n<p>&nbsp;<\/p>\n<p>&nbsp;<\/p>\n<h4>So finden Sie uns:<\/h4>\n<p>Mittel-Gr\u00fcndau liegt im Main-Kinzig-Kreis in Hessen, zwischen Hanau und Fulda.<\/p>\n<p style=\"text-align: justify;\">A66 Abfahrt Gr\u00fcndau Lieblos, B 457 Richtung B\u00fcdingen. Nach ca. 5 km links abbiegen Richtung Mittel-Gr\u00fcndau. Folgen Sie der Hauptstra\u00dfe bis zum Kreisverkehr. Im Kreisverkehr nehmen Sie die 3. Ausfahrt und gelangen so direkt auf den Parkplatz des Dorfgemeinschaftshauses Mittel-Gr\u00fcndau.<\/p>\n","protected":false},"excerpt":{"rendered":"<p>Iris Walter Im Wagnersgrund 8 63584 Mittel-Gr\u00fcndau Tel. 06058-910141 E-Mail: Iris Walter &nbsp; &nbsp; So finden Sie uns: Mittel-Gr\u00fcndau liegt im Main-Kinzig-Kreis in Hessen, zwischen Hanau und Fulda. A66 Abfahrt Gr\u00fcndau Lieblos, B 457 Richtung B\u00fcdingen. Nach ca. 5 km &hellip; <a href=\"https:\/\/eintrachtmittelgruendau.de\/?page_id=66\">Weiterlesen <span class=\"meta-nav\">&rarr;<\/span><\/a><\/p>\n","protected":false},"author":5,"featured_media":0,"parent":0,"menu_order":7,"comment_status":"closed","ping_status":"closed","template":"","meta":{"footnotes":""},"class_list":["post-66","page","type-page","status-publish","hentry"],"_links":{"self":[{"href":"https:\/\/eintrachtmittelgruendau.de\/index.php?rest_route=\/wp\/v2\/pages\/66","targetHints":{"allow":["GET"]}}],"collection":[{"href":"https:\/\/eintrachtmittelgruendau.de\/index.php?rest_route=\/wp\/v2\/pages"}],"about":[{"href":"https:\/\/eintrachtmittelgruendau.de\/index.php?rest_route=\/wp\/v2\/types\/page"}],"author":[{"embeddable":true,"href":"https:\/\/eintrachtmittelgruendau.de\/index.php?rest_route=\/wp\/v2\/users\/5"}],"replies":[{"embeddable":true,"href":"https:\/\/eintrachtmittelgruendau.de\/index.php?rest_route=%2Fwp%2Fv2%2Fcomments&post=66"}],"version-history":[{"count":25,"href":"https:\/\/eintrachtmittelgruendau.de\/index.php?rest_route=\/wp\/v2\/pages\/66\/revisions"}],"predecessor-version":[{"id":2309,"href":"https:\/\/eintrachtmittelgruendau.de\/index.php?rest_route=\/wp\/v2\/pages\/66\/revisions\/2309"}],"wp:attachment":[{"href":"https:\/\/eintrachtmittelgruendau.de\/index.php?rest_route=%2Fwp%2Fv2%2Fmedia&parent=66"}],"curies":[{"name":"wp","href":"https:\/\/api.w.org\/{rel}","templated":true}]}}