{"id":422,"date":"2013-03-11T20:58:29","date_gmt":"2013-03-11T19:58:29","guid":{"rendered":"http:\/\/wordpress.eintrachtmittelgruendau.de\/?page_id=422"},"modified":"2025-07-23T08:49:06","modified_gmt":"2025-07-23T06:49:06","slug":"sonstige-aktivitaten","status":"publish","type":"page","link":"https:\/\/eintrachtmittelgruendau.de\/?page_id=422","title":{"rendered":"Sonstige Aktivit\u00e4ten"},"content":{"rendered":"<p><strong>Juli 2025<br \/>\n<\/strong>Sommerfest<\/p>\n<p><strong>Januar 2025<br \/>\n<\/strong>Winterwanderung mit Grillfeier<\/p>\n<p><strong>Dezember 2024<br \/>\n<\/strong>Weihnachtsmarkt 2024<\/p>\n<p>Singen beim Adventsgottesdienst im DGH Mittel-Gr\u00fcndau<\/p>\n<p><strong>November 2024<br \/>\n<\/strong>Volkstrauertag \u2013 Singen am Denkmal in Mittel-Gr\u00fcndau<\/p>\n<p><strong>Juli 2024<br \/>\n<\/strong>\u00a0Singen auf einer Hochzeit in der Bergkirche Niedergr\u00fcndau<\/p>\n<p><strong>Mai 2024<br \/>\n<\/strong>\u201eSing in Spring\u201c \u2013 eine gelungene Veranstaltung mit Gesang und leckerem Essen<\/p>\n<p><strong>M\u00e4rz 2024<br \/>\n<\/strong>Singen zur Einweihung des Grabfeldes f\u00fcr Sternenkinder<\/p>\n<p><strong>Dezember 2023<br \/>\n<\/strong>Weihnachtsmarkt 2023<\/p>\n<p>Weihnachtsfeier mit Wanderung zur Pizzeria Rosmarino in Rothenbergen<\/p>\n<p><strong>Juli 2023<br \/>\n<\/strong>Italienischer Abend im DGH Mittel-Gr\u00fcndau<\/p>\n<p><strong>Mai 2023<br \/>\n<\/strong>Kr\u00e4uterwanderung in Mittel-Gr\u00fcndau<\/p>\n<p><strong>Dezember 2022<br \/>\n<\/strong>Weihnachtsmarkt 2022<\/p>\n<p><strong>Dezember 2021<br \/>\n<\/strong>Wintergrillen<\/p>\n<p><strong>M\u00e4rz 2020<br \/>\n<\/strong>Fahrt zur Oper &#8222;Phantome der Oper&#8220; Mannheim<\/p>\n<p><strong>Januar 2020<br \/>\n<\/strong>Winterwanderung ins Viadukt Meerholz<\/p>\n<p><strong>Dezember 2019<br \/>\n<\/strong>Weihnachtsfeier Dorfgemeinschaftshaus<\/p>\n<p>Weihnachtsmarkt 2019<\/p>\n<p><strong>Juni 2019<br \/>\n<\/strong>800 Jahrfeier Mittel-Gr\u00fcndau<\/p>\n<p><strong>Dezember 2018<\/strong><br \/>\nWeihnachtsmarkt Dom\u00e4ne<\/p>\n<p>Jahresabschlu\u00df Pizzeria<\/p>\n<p><strong>Juni 2018<\/strong><br \/>\nGemeinsame Frauenchorprobe, Nauheim<\/p>\n<p>Chorwochenende G\u00fcttersbach<\/p>\n<p><strong>Dezember 2017<\/strong><br \/>\nMusikalische Adventsandacht<br \/>\nKapelle Mittel-Gr\u00fcndau<\/p>\n<p>Weihnachtsmarkt<\/p>\n<p>Gemeinsame Probe, Johannes Kirche in Hofheim<\/p>\n<p><strong>Oktober 2017<\/strong><br \/>\nGemeinsame Probe, Niederjosbach<\/p>\n<p>Chorwochenende DGH Mittel-Gr\u00fcndau<\/p>\n<p><strong>April 2017<\/strong><br \/>\nChorwochenende Landesmusikakademie Hessen, Schlitz<\/p>\n<p><strong>Dezember 2016<\/strong><br \/>\nMusikalische Adventsandacht<br \/>\nKapelle Mittel-Gr\u00fcndau<\/p>\n<p>Jahresabschlu\u00dffeier, Gemischter Chor<\/p>\n<p><strong>November 2016<\/strong><br \/>\nWeihnachtsmarkt<\/p>\n<p><strong>September 2016<\/strong><br \/>\nChorwochenende DGH Mittel-Gr\u00fcndau<br \/>\nGemeinsame Probe mit Kriftel<\/p>\n<p><strong>Juni 2016<\/strong><br \/>\nBenefizkonzert Kath. Kirche in Nauheim<\/p>\n<p><strong>April 2016<\/strong><br \/>\nKleine Ch\u00f6re &#8211; Gro\u00dfe Kl\u00e4nge, Biebergem\u00fcnd<\/p>\n<p><strong>Februar 2016<\/strong><br \/>\nChorwochenende in Friedrichsdorf<br \/>\nVorbereitung Benefizkonzert Nauheim<\/p>\n<p><strong>Dezember 2015<\/strong><br \/>\nMusikalische Adventsandacht<br \/>\nKapelle Mittel-Gr\u00fcndau<\/p>\n<p>Weihnachtsmarkt<\/p>\n<p>Jahresabschluss<\/p>\n<p>Winterwanderung &#8222;Zur Krone&#8220; H\u00fcttenges\u00e4\u00df<\/p>\n<p><strong>Juli 2015<\/strong><br \/>\nGr\u00fcndauer Eventwochen, Chorveranstaltung DGH Lieblos<\/p>\n<p><strong>Juni 2015<\/strong><br \/>\nKleine Ch\u00f6re &#8211; Gro\u00dfe Kl\u00e4nge, Stadthalle Gelnhausen<\/p>\n<p><strong>Mai 2015<\/strong><br \/>\n75. Geburtstag, H\u00fchnerhof Gettenbach<\/p>\n<p><strong>Dezember 2014<\/strong><br \/>\nWandern zwischen den Jahren<\/p>\n<p><strong>November 2014<\/strong><br \/>\nWeihnachtsmarkt<\/p>\n<p><strong>Oktober 2014<\/strong><br \/>\nChorwochenende DGH Mittel-Gr\u00fcndau<\/p>\n<p><strong>September 2014<\/strong><br \/>\nGemeinsame Probe mit Kriftel, Niederjosbach<\/p>\n<p><strong>Mai 2014<\/strong><br \/>\nKleine Ch\u00f6re &#8211; Gro\u00dfe Kl\u00e4nge, DGH Lieblos<\/p>\n<p><strong>Februar 2014<\/strong><br \/>\nGemeinsame Probe mit Kriftel, Ilbenstadt<\/p>\n<p><strong>Januar 2014<br \/>\n<\/strong>Chorwochenende<br \/>\nLandgasthof Betz Bad Soden-Salm\u00fcnster<br \/>\nVorbereitung Benefizkonzert Gro\u00df-Gerau<\/p>\n<p><strong>Dezember 2013<\/strong><br \/>\nMusikalische Adventsandacht<br \/>\nKapelle Mittel-Gr\u00fcndau<\/p>\n<p>Winterwanderung<br \/>\nKaufmanns Meerholz<\/p>\n<p>Jahresabschlu\u00dffeier<br \/>\nDorfgemeinschaftshaus Mittel-Gr\u00fcndau<\/p>\n<p>Weihnachtsmarkt<br \/>\nH\u00fctte des Gesangvereins<\/p>\n<p><strong>Oktober 2013<\/strong><br \/>\nVereinsausflug<br \/>\nRothenburg o. d. Tauber<\/p>\n<p><strong>August 2013<\/strong><br \/>\nGemeinsamer Besuch des Konzertes &#8222;I have a dream&#8220;<br \/>\nBergkirche Niedergr\u00fcndau<\/p>\n<p><strong>Juni 2013<\/strong><br \/>\nGemeinsame Probe im DGH Mittel-Gr\u00fcndau<\/p>\n<p><strong>Mai 2013<\/strong><br \/>\nGemeinsame Chorprobe mit Kriftel und Nauheim<br \/>\nB\u00fcrgerzentrum Lieblos<\/p>\n<p><strong>April 2013<\/strong><br \/>\nGemeinsame Chorprobe mit Kriftel und Nauheim<br \/>\nB\u00fcrgerzentrum Lieblos<\/p>\n<p><strong>M\u00e4rz 2013<\/strong><br \/>\nJahreshauptversammlung S\u00e4ngerkreis Gelnhausen<br \/>\nDorfgemeinschaftshaus Mittel-Gr\u00fcndau<br \/>\nBewirtung durch den Gesangverein<\/p>\n<p><strong>Januar 2013<\/strong><br \/>\nOrtsturnier der Tischtennisgemeinschaft Mittel-Gr\u00fcndau<br \/>\nDer Gesangverein erreicht mit seiner Mannschaft den 5. Platz<\/p>\n<p><strong>Dezember 2012<\/strong><br \/>\nWinterwanderung<br \/>\nZum \u201eParadies\u201c nach Roth<\/p>\n<p>Jahresabschlu\u00dffeier<br \/>\nDorfgemeinschaftshaus Mittel-Gr\u00fcndau<\/p>\n<p>Weihnachtsmarkt Mittel-Gr\u00fcndau<br \/>\nH\u00fctte des Gesangvereins<\/p>\n<p><strong>Oktober 2012<\/strong><br \/>\nChorfreizeit in Heimbuchenthal<br \/>\nVorbereitung f\u00fcr das Jubil\u00e4umskonzert<\/p>\n","protected":false},"excerpt":{"rendered":"<p>Juli 2025 Sommerfest Januar 2025 Winterwanderung mit Grillfeier Dezember 2024 Weihnachtsmarkt 2024 Singen beim Adventsgottesdienst im DGH Mittel-Gr\u00fcndau November 2024 Volkstrauertag \u2013 Singen am Denkmal in Mittel-Gr\u00fcndau Juli 2024 \u00a0Singen auf einer Hochzeit in der Bergkirche Niedergr\u00fcndau Mai 2024 \u201eSing &hellip; <a href=\"https:\/\/eintrachtmittelgruendau.de\/?page_id=422\">Weiterlesen <span class=\"meta-nav\">&rarr;<\/span><\/a><\/p>\n","protected":false},"author":5,"featured_media":0,"parent":278,"menu_order":1,"comment_status":"closed","ping_status":"closed","template":"","meta":{"footnotes":""},"class_list":["post-422","page","type-page","status-publish","hentry"],"_links":{"self":[{"href":"https:\/\/eintrachtmittelgruendau.de\/index.php?rest_route=\/wp\/v2\/pages\/422","targetHints":{"allow":["GET"]}}],"collection":[{"href":"https:\/\/eintrachtmittelgruendau.de\/index.php?rest_route=\/wp\/v2\/pages"}],"about":[{"href":"https:\/\/eintrachtmittelgruendau.de\/index.php?rest_route=\/wp\/v2\/types\/page"}],"author":[{"embeddable":true,"href":"https:\/\/eintrachtmittelgruendau.de\/index.php?rest_route=\/wp\/v2\/users\/5"}],"replies":[{"embeddable":true,"href":"https:\/\/eintrachtmittelgruendau.de\/index.php?rest_route=%2Fwp%2Fv2%2Fcomments&post=422"}],"version-history":[{"count":77,"href":"https:\/\/eintrachtmittelgruendau.de\/index.php?rest_route=\/wp\/v2\/pages\/422\/revisions"}],"predecessor-version":[{"id":2314,"href":"https:\/\/eintrachtmittelgruendau.de\/index.php?rest_route=\/wp\/v2\/pages\/422\/revisions\/2314"}],"up":[{"embeddable":true,"href":"https:\/\/eintrachtmittelgruendau.de\/index.php?rest_route=\/wp\/v2\/pages\/278"}],"wp:attachment":[{"href":"https:\/\/eintrachtmittelgruendau.de\/index.php?rest_route=%2Fwp%2Fv2%2Fmedia&parent=422"}],"curies":[{"name":"wp","href":"https:\/\/api.w.org\/{rel}","templated":true}]}}