{"id":354,"date":"2013-03-10T18:10:50","date_gmt":"2013-03-10T17:10:50","guid":{"rendered":"http:\/\/wordpress.eintrachtmittelgruendau.de\/?page_id=354"},"modified":"2024-05-31T16:58:26","modified_gmt":"2024-05-31T14:58:26","slug":"auftritte","status":"publish","type":"page","link":"https:\/\/eintrachtmittelgruendau.de\/?page_id=354","title":{"rendered":"Auftritte"},"content":{"rendered":"<p>&nbsp;<\/p>\n<h1>2024<\/h1>\n<p>So., 12.05.\u00a0 \u00a0 \u00a0 \u00a0 \u00a0 &#8222;Sing in Spring&#8220; &#8211; eine gelungene Veranstaltung auf dem Hof von<br \/>\nHeinrich Weinel lockte bei sch\u00f6nstem Wetter zahlreiche Besucher an!<\/p>\n<p>Sa., 23.03.Einweihung Sternenkinder-Gr\u00e4berfeld<strong><br \/>\n<\/strong><\/p>\n<p><img loading=\"lazy\" decoding=\"async\" class=\"alignnone size-medium wp-image-2260\" src=\"https:\/\/eintrachtmittelgruendau.de\/wp-content\/uploads\/2024\/05\/WhatsApp-Image-2024-03-26-at-17.42.11-e1717166013985-259x300.jpeg\" alt=\"\" width=\"259\" height=\"300\" srcset=\"https:\/\/eintrachtmittelgruendau.de\/wp-content\/uploads\/2024\/05\/WhatsApp-Image-2024-03-26-at-17.42.11-e1717166013985-259x300.jpeg 259w, https:\/\/eintrachtmittelgruendau.de\/wp-content\/uploads\/2024\/05\/WhatsApp-Image-2024-03-26-at-17.42.11-e1717166013985-883x1024.jpeg 883w, https:\/\/eintrachtmittelgruendau.de\/wp-content\/uploads\/2024\/05\/WhatsApp-Image-2024-03-26-at-17.42.11-e1717166013985-768x890.jpeg 768w, https:\/\/eintrachtmittelgruendau.de\/wp-content\/uploads\/2024\/05\/WhatsApp-Image-2024-03-26-at-17.42.11-e1717166013985-319x370.jpeg 319w, https:\/\/eintrachtmittelgruendau.de\/wp-content\/uploads\/2024\/05\/WhatsApp-Image-2024-03-26-at-17.42.11-e1717166013985.jpeg 991w\" sizes=\"auto, (max-width: 259px) 100vw, 259px\" \/><\/p>\n<h2><strong>\u00a0<\/strong><\/h2>\n<p>&nbsp;<\/p>\n<p><strong>Dezember 2023<\/strong><br \/>\nAdventsgottesdienst im DGH in Mittel-Gr\u00fcndau<\/p>\n<p><strong>November 2023<\/strong><br \/>\nSingen\u00a0im Gedenken an die\u00a0Gefallenen der Weltkriege<br \/>\nam Ehrenmal in Mittel-Gr\u00fcndau<\/p>\n<p><strong>Dezember 2022<\/strong><br \/>\nWeihnachtliches Konzert Christk\u00f6nigkirche Rothenbergen<\/p>\n<p><strong>Dezember 2021<\/strong><br \/>\nMitsingen zur Adventszeit<\/p>\n<p><strong>Dezember 2019<\/strong><br \/>\nAdventskonzert &#8222;Ehre sei Gott&#8220; Bergkirche Niedergr\u00fcndau<\/p>\n<p><strong>Juni 2019<\/strong><br \/>\nSingen zur Andacht in der Kath. Kirche Nauheim<\/p>\n<p><strong>November 2018<\/strong><br \/>\nChorkonzert &#8222;Libert\u00e9&#8220; B\u00fcrgerhaus Lieblos<\/p>\n<p><strong>Dezember 2017<\/strong><br \/>\nAdventskonzert &#8222;Machet die Ohren weit&#8220; kath. Kirche Christk\u00f6nig Rothenbergen<\/p>\n<p><strong>Oktober 2016<br \/>\n<\/strong>Chorkonzert &#8222;Beziehungskisten&#8220; B\u00fcrgerzentrum Lieblos<\/p>\n<p><strong>Juni 2016<\/strong><br \/>\nBenefizkonzert Kath. Kirche Nauheim<\/p>\n<p><strong>April 2016<\/strong><br \/>\nChorveranstaltung &#8222;Kleine Ch\u00f6re &#8211; Gro\u00dfe Kl\u00e4nge&#8220;\u00a0B\u00fcrgerhaus Biebergem\u00fcnd<\/p>\n<p><strong>November 2015<\/strong><br \/>\nSingen\u00a0im Gedenken an die\u00a0Gefallenen der Weltkriege<br \/>\nam Ehrenmal in Mittel-Gr\u00fcndau und Singen\u00a0im Gedenken an die<br \/>\nverstorbenen Mitglieder in der Kapelle in Mittel-Gr\u00fcndau<\/p>\n<p><strong>Juli 2015<br \/>\nChorveranstaltung Gr\u00fcndauer Event Wochen<\/strong><\/p>\n<p><strong>Juni 2015<\/strong><br \/>\nChorveranstaltung &#8222;Gro\u00dfe Ch\u00f6re &#8211; Kleine Kl\u00e4nge&#8220;\u00a0Stadthalle Gelnhausen<\/p>\n<p><strong>Mai 2014<\/strong><br \/>\nKleine Ch\u00f6re &#8211; gro\u00dfe Kl\u00e4nge B\u00fcrgerzentrum Lieblos<\/p>\n<p><strong>M\u00e4rz 2014<\/strong><br \/>\nBenefizkonzert Evangelische Stadtkirche Gro\u00df- Gerau<\/p>\n<p><strong>Dezember 2013<\/strong><br \/>\nMusikalische Andacht Kapelle Mittel-Gr\u00fcndau<\/p>\n<p><strong>November 2013<\/strong><br \/>\nSingen f\u00fcr die Gefallenen der Weltkriege<br \/>\nEhrenmal in Mittel-Gr\u00fcndau<\/p>\n<p><strong>April 2013<\/strong><br \/>\nFr\u00fchlingsfest<br \/>\nDorfgemeinschaftshaus Breitenborn<\/p>\n<p><strong>M\u00e4rz 2013<\/strong><br \/>\nJahreshauptversammlung S\u00e4ngerkreis Gelnhausen<br \/>\nDorfgemeinschaftshaus Mittel-Gr\u00fcndau<\/p>\n<p><strong>Januar 2013<\/strong><br \/>\nGeburtstag Dom\u00e4ne Mittel-Gr\u00fcndau<\/p>\n<p><strong>Dezember 2012<\/strong><br \/>\nAdventsgottesdienst<br \/>\nKapelle Mittel-Gr\u00fcndau<\/p>\n<p><strong>November 2012<\/strong><br \/>\nSingen f\u00fcr die Gefallenen der Weltkriege<br \/>\nEhrenmal in Mittel-Gr\u00fcndau<\/p>\n<p><strong>September 2012<\/strong><br \/>\nGeburtstag Dom\u00e4ne Mittel-Gr\u00fcndau<\/p>\n<p><strong>August 2012<\/strong><br \/>\n40 Jahre Gr\u00fcndau<br \/>\nOpen Air B\u00fcrgerzentrum Lieblos<\/p>\n<p><strong>Juni 2012<\/strong><br \/>\nIrish Day<\/p>\n<p>&nbsp;<\/p>\n","protected":false},"excerpt":{"rendered":"<p>&nbsp; 2024 So., 12.05.\u00a0 \u00a0 \u00a0 \u00a0 \u00a0 &#8222;Sing in Spring&#8220; &#8211; eine gelungene Veranstaltung auf dem Hof von Heinrich Weinel lockte bei sch\u00f6nstem Wetter zahlreiche Besucher an! Sa., 23.03.Einweihung Sternenkinder-Gr\u00e4berfeld \u00a0 &nbsp; Dezember 2023 Adventsgottesdienst im DGH in Mittel-Gr\u00fcndau &hellip; <a href=\"https:\/\/eintrachtmittelgruendau.de\/?page_id=354\">Weiterlesen <span class=\"meta-nav\">&rarr;<\/span><\/a><\/p>\n","protected":false},"author":5,"featured_media":0,"parent":278,"menu_order":0,"comment_status":"closed","ping_status":"closed","template":"","meta":{"footnotes":""},"class_list":["post-354","page","type-page","status-publish","hentry"],"_links":{"self":[{"href":"https:\/\/eintrachtmittelgruendau.de\/index.php?rest_route=\/wp\/v2\/pages\/354","targetHints":{"allow":["GET"]}}],"collection":[{"href":"https:\/\/eintrachtmittelgruendau.de\/index.php?rest_route=\/wp\/v2\/pages"}],"about":[{"href":"https:\/\/eintrachtmittelgruendau.de\/index.php?rest_route=\/wp\/v2\/types\/page"}],"author":[{"embeddable":true,"href":"https:\/\/eintrachtmittelgruendau.de\/index.php?rest_route=\/wp\/v2\/users\/5"}],"replies":[{"embeddable":true,"href":"https:\/\/eintrachtmittelgruendau.de\/index.php?rest_route=%2Fwp%2Fv2%2Fcomments&post=354"}],"version-history":[{"count":56,"href":"https:\/\/eintrachtmittelgruendau.de\/index.php?rest_route=\/wp\/v2\/pages\/354\/revisions"}],"predecessor-version":[{"id":2273,"href":"https:\/\/eintrachtmittelgruendau.de\/index.php?rest_route=\/wp\/v2\/pages\/354\/revisions\/2273"}],"up":[{"embeddable":true,"href":"https:\/\/eintrachtmittelgruendau.de\/index.php?rest_route=\/wp\/v2\/pages\/278"}],"wp:attachment":[{"href":"https:\/\/eintrachtmittelgruendau.de\/index.php?rest_route=%2Fwp%2Fv2%2Fmedia&parent=354"}],"curies":[{"name":"wp","href":"https:\/\/api.w.org\/{rel}","templated":true}]}}