{"id":272,"date":"2013-03-07T21:18:36","date_gmt":"2013-03-07T20:18:36","guid":{"rendered":"http:\/\/wordpress.eintrachtmittelgruendau.de\/?page_id=272"},"modified":"2024-05-28T09:53:30","modified_gmt":"2024-05-28T07:53:30","slug":"chorleitung-2","status":"publish","type":"page","link":"https:\/\/eintrachtmittelgruendau.de\/?page_id=272","title":{"rendered":"Chorleitung"},"content":{"rendered":"<p><strong><img loading=\"lazy\" decoding=\"async\" class=\"size-medium wp-image-2241 alignleft\" src=\"https:\/\/eintrachtmittelgruendau.de\/wp-content\/uploads\/2024\/05\/c1bcf5ac-38d6-4370-9941-03ea58ebb994-002-225x300.jpg\" alt=\"\" width=\"225\" height=\"300\" srcset=\"https:\/\/eintrachtmittelgruendau.de\/wp-content\/uploads\/2024\/05\/c1bcf5ac-38d6-4370-9941-03ea58ebb994-002-225x300.jpg 225w, https:\/\/eintrachtmittelgruendau.de\/wp-content\/uploads\/2024\/05\/c1bcf5ac-38d6-4370-9941-03ea58ebb994-002-278x370.jpg 278w, https:\/\/eintrachtmittelgruendau.de\/wp-content\/uploads\/2024\/05\/c1bcf5ac-38d6-4370-9941-03ea58ebb994-002.jpg 486w\" sizes=\"auto, (max-width: 225px) 100vw, 225px\" \/>Erstmals schwingt eine Frau den Taktstock<\/strong><\/p>\n<p>Geraldine Groenendijk hat unseren Chor zum 1. Februar 2024 \u00fcbernommen.<\/p>\n<p>Wir freuen uns, dass nun erstmals eine Frau den Taktstock schwingt.<\/p>\n<p>Geraldine Groenendijk, die hauptberuflich als Studienr\u00e4tin an der Kopernikusschule in Freigericht t\u00e4tig ist, wird frischen Wind ins Chorleben bringen \u2013 ein idealer Zeitpunkt f\u00fcr interessierte neue S\u00e4ngerinnen und S\u00e4nger bei der Eintracht Mittel-Gr\u00fcndau \u201ereinzuschnuppern\u201c.<\/p>\n","protected":false},"excerpt":{"rendered":"<p>Erstmals schwingt eine Frau den Taktstock Geraldine Groenendijk hat unseren Chor zum 1. Februar 2024 \u00fcbernommen. Wir freuen uns, dass nun erstmals eine Frau den Taktstock schwingt. Geraldine Groenendijk, die hauptberuflich als Studienr\u00e4tin an der Kopernikusschule in Freigericht t\u00e4tig ist, &hellip; <a href=\"https:\/\/eintrachtmittelgruendau.de\/?page_id=272\">Weiterlesen <span class=\"meta-nav\">&rarr;<\/span><\/a><\/p>\n","protected":false},"author":5,"featured_media":0,"parent":0,"menu_order":3,"comment_status":"closed","ping_status":"closed","template":"","meta":{"footnotes":""},"class_list":["post-272","page","type-page","status-publish","hentry"],"_links":{"self":[{"href":"https:\/\/eintrachtmittelgruendau.de\/index.php?rest_route=\/wp\/v2\/pages\/272","targetHints":{"allow":["GET"]}}],"collection":[{"href":"https:\/\/eintrachtmittelgruendau.de\/index.php?rest_route=\/wp\/v2\/pages"}],"about":[{"href":"https:\/\/eintrachtmittelgruendau.de\/index.php?rest_route=\/wp\/v2\/types\/page"}],"author":[{"embeddable":true,"href":"https:\/\/eintrachtmittelgruendau.de\/index.php?rest_route=\/wp\/v2\/users\/5"}],"replies":[{"embeddable":true,"href":"https:\/\/eintrachtmittelgruendau.de\/index.php?rest_route=%2Fwp%2Fv2%2Fcomments&post=272"}],"version-history":[{"count":47,"href":"https:\/\/eintrachtmittelgruendau.de\/index.php?rest_route=\/wp\/v2\/pages\/272\/revisions"}],"predecessor-version":[{"id":2243,"href":"https:\/\/eintrachtmittelgruendau.de\/index.php?rest_route=\/wp\/v2\/pages\/272\/revisions\/2243"}],"wp:attachment":[{"href":"https:\/\/eintrachtmittelgruendau.de\/index.php?rest_route=%2Fwp%2Fv2%2Fmedia&parent=272"}],"curies":[{"name":"wp","href":"https:\/\/api.w.org\/{rel}","templated":true}]}}