{"id":224,"date":"2013-03-07T20:23:59","date_gmt":"2013-03-07T19:23:59","guid":{"rendered":"http:\/\/wordpress.eintrachtmittelgruendau.de\/?page_id=224"},"modified":"2024-05-31T15:52:01","modified_gmt":"2024-05-31T13:52:01","slug":"chronik-2","status":"publish","type":"page","link":"https:\/\/eintrachtmittelgruendau.de\/?page_id=224","title":{"rendered":"Chronik"},"content":{"rendered":"<p style=\"text-align: justify;\">Im Jahre 1863 wurde der Gesangverein &#8222;Eintracht&#8220; Mittel-Gr\u00fcndau gegr\u00fcndet.<\/p>\n<p style=\"text-align: justify;\">Der erste Dirigent des M\u00e4nnerchores war Schullehrer Christian Diemer.<\/p>\n<p style=\"text-align: justify;\">Bis zum heutigen Tage f\u00fchrten zahlreiche Chorleiter den Dirigentenstab des Gesangvereins. Alle haben zu ihrer Zeit, auf ihre Weise, den Chor gepr\u00e4gt.<\/p>\n<p style=\"text-align: justify;\">In den Vorkriegsjahren wurden viele S\u00e4nger zum Wehrdienst verpflichtet und so kamen die Singstunden 1937 zum Erliegen.<br \/>\nErst nach Kriegsende wurde die S\u00e4ngert\u00e4tigkeit wieder aufgenommen.<\/p>\n<p style=\"text-align: justify;\">Auch in Mittel-Gr\u00fcndau hielt die Emanzipation Einzug. Es wurde 1976 ein Frauenchor ins Leben gerufen. Da\u00df 1984 beschlossen wurde, die beiden Chorformationen Frauen- und M\u00e4nnerchor auch als Gemischten Chor agieren zu lassen, dezimierte den M\u00e4nnerchor ganz erheblich. Der damalige Chorleiter Musikdirektor Gerd Zellmann, musste in m\u00fchsamer Kleinarbeit wieder einen M\u00e4nnerchor aufbauen, was ihm auch mit Bravour gelang. Seit Anfang des Jahres 2008 existiert nur noch der Gemischte Chor.<\/p>\n<p style=\"text-align: justify;\">Den Kindern wurde man auch gerecht. 1980 formierte sich ein Kinderchor unter der Leitung von Matthias Habermann, der allerdings 1985 wieder aufgel\u00f6st wurde, weil sich nicht mehr gen\u00fcgend Kinder einfanden. Ein erneuter Versuch fand 2002 statt und danach wurde der Kinderchor von verschiedenen Dirigentinnen gef\u00fchrt. Leider fanden sich nach Ende der Corona-Zeit nicht mehr gen\u00fcgend Kinder ein, um den Chor fortzuf\u00fchren &#8211; dieser ruht zur Zeit.<\/p>\n<p style=\"text-align: justify;\">Die Ch\u00f6re haben in all den Jahren, zumeist mit gro\u00dfem Erfolg, an Wertungssingen und Gesangswettstreiten teilgenommen und wirkten bei vielen Veranstaltungen der Gemeinde und anderer Ortsvereine mit.<\/p>\n<p style=\"text-align: justify;\">Von 2008 bis 2019 war Alexander Gr\u00fcn unser Chorleiter. Bei ihm standen wunderbar inszenierte Konzertprojekte im Mittelpunkt und weniger die Teilnahme an Wertungssingen und Gesangswettstreiten. Das Ganze oftmals in Koproduktion mit unseren befreundeten Ch\u00f6ren aus Kriftel und Nauheim.<\/p>\n<p style=\"text-align: justify;\">Von September 2019 bis Januar 2024 dirigierte Matthias Habermann den gemischten Chor und mit seinen Ch\u00f6ren aus Breitenborn, Bleichenbach und Niedergr\u00fcndau fanden ebenfalls erfolgreiche Konzerte statt.<\/p>\n<p>Im Februar 2024 \u00fcbernahm Geraldine Groenendijk die Leitung des gemischten Chores und mit ihr gemeinsam absolvierte der Chor bereits Auftritte zur Einweihung des Sternenkinder-Gr\u00e4berfelds in Mittel-Gr\u00fcndau und der vereinseigenen Veranstaltung &#8222;Sing in Spring&#8220;. Der Chor freut sich auf weitere spannende Projekte unter der neuen Leitung. Neue S\u00e4ngerinnen und S\u00e4nger sind jederzeit herzlich willkommen!<\/p>\n<p style=\"text-align: justify;\">\n","protected":false},"excerpt":{"rendered":"<p>Im Jahre 1863 wurde der Gesangverein &#8222;Eintracht&#8220; Mittel-Gr\u00fcndau gegr\u00fcndet. Der erste Dirigent des M\u00e4nnerchores war Schullehrer Christian Diemer. Bis zum heutigen Tage f\u00fchrten zahlreiche Chorleiter den Dirigentenstab des Gesangvereins. Alle haben zu ihrer Zeit, auf ihre Weise, den Chor gepr\u00e4gt. &hellip; <a href=\"https:\/\/eintrachtmittelgruendau.de\/?page_id=224\">Weiterlesen <span class=\"meta-nav\">&rarr;<\/span><\/a><\/p>\n","protected":false},"author":5,"featured_media":0,"parent":2,"menu_order":0,"comment_status":"closed","ping_status":"closed","template":"","meta":{"footnotes":""},"class_list":["post-224","page","type-page","status-publish","hentry"],"_links":{"self":[{"href":"https:\/\/eintrachtmittelgruendau.de\/index.php?rest_route=\/wp\/v2\/pages\/224","targetHints":{"allow":["GET"]}}],"collection":[{"href":"https:\/\/eintrachtmittelgruendau.de\/index.php?rest_route=\/wp\/v2\/pages"}],"about":[{"href":"https:\/\/eintrachtmittelgruendau.de\/index.php?rest_route=\/wp\/v2\/types\/page"}],"author":[{"embeddable":true,"href":"https:\/\/eintrachtmittelgruendau.de\/index.php?rest_route=\/wp\/v2\/users\/5"}],"replies":[{"embeddable":true,"href":"https:\/\/eintrachtmittelgruendau.de\/index.php?rest_route=%2Fwp%2Fv2%2Fcomments&post=224"}],"version-history":[{"count":31,"href":"https:\/\/eintrachtmittelgruendau.de\/index.php?rest_route=\/wp\/v2\/pages\/224\/revisions"}],"predecessor-version":[{"id":596,"href":"https:\/\/eintrachtmittelgruendau.de\/index.php?rest_route=\/wp\/v2\/pages\/224\/revisions\/596"}],"up":[{"embeddable":true,"href":"https:\/\/eintrachtmittelgruendau.de\/index.php?rest_route=\/wp\/v2\/pages\/2"}],"wp:attachment":[{"href":"https:\/\/eintrachtmittelgruendau.de\/index.php?rest_route=%2Fwp%2Fv2%2Fmedia&parent=224"}],"curies":[{"name":"wp","href":"https:\/\/api.w.org\/{rel}","templated":true}]}}