{"id":20,"date":"2013-01-28T13:39:31","date_gmt":"2013-01-28T13:39:31","guid":{"rendered":"http:\/\/wordpress.eintrachtmittelgruendau.de\/?page_id=20"},"modified":"2024-02-06T19:06:59","modified_gmt":"2024-02-06T18:06:59","slug":"aufnahmekriterien","status":"publish","type":"page","link":"https:\/\/eintrachtmittelgruendau.de\/?page_id=20","title":{"rendered":"Aufnahmekriterien"},"content":{"rendered":"<p>Wir freuen uns auf neue S\u00e4ngerinnen und S\u00e4nger, die Lust und Freude am Musizieren haben, die ihr Instrument \u201eStimme\u201c und Chormusik neu entdecken m\u00f6chten.<\/p>\n<p>Notenkenntnisse und Chorerfahrung w\u00e4ren von Vorteil, sind jedoch nicht Voraussetzung.<\/p>\n<p>Es besteht die M\u00f6glichkeit, sich unverbindlich drei Wochen mit unserem Chor und unserer Probenarbeit vertraut zu machen.<\/p>\n<p>&nbsp;<\/p>\n","protected":false},"excerpt":{"rendered":"<p>Wir freuen uns auf neue S\u00e4ngerinnen und S\u00e4nger, die Lust und Freude am Musizieren haben, die ihr Instrument \u201eStimme\u201c und Chormusik neu entdecken m\u00f6chten. Notenkenntnisse und Chorerfahrung w\u00e4ren von Vorteil, sind jedoch nicht Voraussetzung. Es besteht die M\u00f6glichkeit, sich unverbindlich &hellip; <a href=\"https:\/\/eintrachtmittelgruendau.de\/?page_id=20\">Weiterlesen <span class=\"meta-nav\">&rarr;<\/span><\/a><\/p>\n","protected":false},"author":5,"featured_media":0,"parent":154,"menu_order":2,"comment_status":"closed","ping_status":"closed","template":"","meta":{"footnotes":""},"class_list":["post-20","page","type-page","status-publish","hentry"],"_links":{"self":[{"href":"https:\/\/eintrachtmittelgruendau.de\/index.php?rest_route=\/wp\/v2\/pages\/20","targetHints":{"allow":["GET"]}}],"collection":[{"href":"https:\/\/eintrachtmittelgruendau.de\/index.php?rest_route=\/wp\/v2\/pages"}],"about":[{"href":"https:\/\/eintrachtmittelgruendau.de\/index.php?rest_route=\/wp\/v2\/types\/page"}],"author":[{"embeddable":true,"href":"https:\/\/eintrachtmittelgruendau.de\/index.php?rest_route=\/wp\/v2\/users\/5"}],"replies":[{"embeddable":true,"href":"https:\/\/eintrachtmittelgruendau.de\/index.php?rest_route=%2Fwp%2Fv2%2Fcomments&post=20"}],"version-history":[{"count":17,"href":"https:\/\/eintrachtmittelgruendau.de\/index.php?rest_route=\/wp\/v2\/pages\/20\/revisions"}],"predecessor-version":[{"id":2210,"href":"https:\/\/eintrachtmittelgruendau.de\/index.php?rest_route=\/wp\/v2\/pages\/20\/revisions\/2210"}],"up":[{"embeddable":true,"href":"https:\/\/eintrachtmittelgruendau.de\/index.php?rest_route=\/wp\/v2\/pages\/154"}],"wp:attachment":[{"href":"https:\/\/eintrachtmittelgruendau.de\/index.php?rest_route=%2Fwp%2Fv2%2Fmedia&parent=20"}],"curies":[{"name":"wp","href":"https:\/\/api.w.org\/{rel}","templated":true}]}}