{"id":2,"date":"2013-01-27T19:15:06","date_gmt":"2013-01-27T19:15:06","guid":{"rendered":"http:\/\/wordpress.eintrachtmittelgruendau.de\/?page_id=2"},"modified":"2026-03-31T11:08:07","modified_gmt":"2026-03-31T09:08:07","slug":"sample-page","status":"publish","type":"page","link":"https:\/\/eintrachtmittelgruendau.de\/","title":{"rendered":"Verein"},"content":{"rendered":"<p><img loading=\"lazy\" decoding=\"async\" class=\"alignnone  wp-image-2350\" src=\"https:\/\/eintrachtmittelgruendau.de\/wp-content\/uploads\/2026\/03\/Einladung-JHV-2026-212x300.jpg\" alt=\"\" width=\"584\" height=\"827\" srcset=\"https:\/\/eintrachtmittelgruendau.de\/wp-content\/uploads\/2026\/03\/Einladung-JHV-2026-212x300.jpg 212w, https:\/\/eintrachtmittelgruendau.de\/wp-content\/uploads\/2026\/03\/Einladung-JHV-2026-724x1024.jpg 724w, https:\/\/eintrachtmittelgruendau.de\/wp-content\/uploads\/2026\/03\/Einladung-JHV-2026-768x1086.jpg 768w, https:\/\/eintrachtmittelgruendau.de\/wp-content\/uploads\/2026\/03\/Einladung-JHV-2026-1086x1536.jpg 1086w, https:\/\/eintrachtmittelgruendau.de\/wp-content\/uploads\/2026\/03\/Einladung-JHV-2026.jpg 1240w\" sizes=\"auto, (max-width: 584px) 100vw, 584px\" \/><\/p>\n<p style=\"text-align: left;\"><strong>Wir \u00fcber uns<\/strong><\/p>\n<p style=\"text-align: left;\">Auch wenn der Gesangverein \u201eEintracht\u201c Mittel-Gr\u00fcndau auf eine lange Tradition zur\u00fcckblickt, steht der Verein mit seinen Mitgliedern und den aktiven Chors\u00e4ngerinnen und Chors\u00e4ngern mitten im Hier und Jetzt. Der Verein versteht sich als ein Teil des aktiven Gemeindelebens im Ortsteil Mittel-Gr\u00fcndau und pflegt ein gutes Verh\u00e4ltnis zu den anderen Vereinen im Ort. Aber auch \u00fcber die Ortsgrenzen hinaus zieht der Verein S\u00e4ngerinnen und S\u00e4nger an \u2013 bis hin nach Hanau und Bad Vilbel.<\/p>\n<p style=\"text-align: left;\">\u201eDer Donnerstagabend ist ein fester Termin im Kalender\u201c, sagt eine der aktiven S\u00e4ngerinnen. Denn dann probt der Chor im Dorfgemeinschaftshaus in Mittel-Gr\u00fcndau von 19 bis 20.30 Uhr mit seiner neuen Dirigentin Geraldine Groenendijk. Diese hat den Chor zum 1. Februar dieses Jahres \u00fcbernommen und der Chor freut sich, dass nun erstmals eine Frau den Taktstock schwingt. Geraldine Groenendijk, die hauptberuflich als Studienr\u00e4tin an der Kopernikusschule in Freigericht t\u00e4tig ist, wird frischen Wind ins Chorleben bringen \u2013 ein idealer Zeitpunkt f\u00fcr interessierte neue S\u00e4ngerinnen und S\u00e4nger bei der Eintracht Mittel-Gr\u00fcndau \u201ereinzuschnuppern\u201c.<\/p>\n<p style=\"text-align: left;\"><strong>Reges Vereinsleben<\/strong><\/p>\n<p style=\"text-align: left;\">Aber nicht nur das Singen allein macht das Vereinsleben aus. Die Chorgemeinschaft trifft sich nach der Probe gern nochmal auf ein Getr\u00e4nk oder unternimmt Ausfl\u00fcge. So gab es 2023 eine Kr\u00e4uterwanderung mit anschlie\u00dfendem Beisammensein, ein Sommerfest und nat\u00fcrlich auch eine Weihnachtsfeier \u2013 hierzu sind auch stets die passiven Mitglieder des Vereins geladen.<\/p>\n<p style=\"text-align: left;\">Im Juli letzten Jahres konnte erstmals auch wieder eine Veranstaltung durchgef\u00fchrt werden \u2013 ein \u201eItalienischer Abend\u201c mit typischen Speisen, Tanzmusik und stimmungsvollem Ambiente, das von den B\u00fcrgerinnen und B\u00fcrgern in Mittel-Gr\u00fcndau gut angenommen wurde. Auch auf dem Weihnachtsmarkt war die H\u00fctte des Gesangvereins mit seinen leckeren Schmandbroten, Heidelbeergl\u00fchwein und hei\u00dfem Slivovic eine beliebte Anlaufstelle.<\/p>\n<p style=\"text-align: left;\">Wer jetzt Lust bekommen hat, sich der Chorgemeinschaft anzuschlie\u00dfen, kann sich gerne melden oder einfach vorbeikommen:<\/p>\n<p style=\"text-align: left;\">Kontakt:<\/p>\n<p style=\"text-align: left;\">Iris Walter, 1. Vorsitzende: iris@i-walter.de<\/p>\n<p>&nbsp;<\/p>\n","protected":false},"excerpt":{"rendered":"<p>Wir \u00fcber uns Auch wenn der Gesangverein \u201eEintracht\u201c Mittel-Gr\u00fcndau auf eine lange Tradition zur\u00fcckblickt, steht der Verein mit seinen Mitgliedern und den aktiven Chors\u00e4ngerinnen und Chors\u00e4ngern mitten im Hier und Jetzt. Der Verein versteht sich als ein Teil des aktiven &hellip; <a href=\"https:\/\/eintrachtmittelgruendau.de\/\">Weiterlesen <span class=\"meta-nav\">&rarr;<\/span><\/a><\/p>\n","protected":false},"author":5,"featured_media":0,"parent":0,"menu_order":0,"comment_status":"closed","ping_status":"closed","template":"","meta":{"footnotes":""},"class_list":["post-2","page","type-page","status-publish","hentry"],"_links":{"self":[{"href":"https:\/\/eintrachtmittelgruendau.de\/index.php?rest_route=\/wp\/v2\/pages\/2","targetHints":{"allow":["GET"]}}],"collection":[{"href":"https:\/\/eintrachtmittelgruendau.de\/index.php?rest_route=\/wp\/v2\/pages"}],"about":[{"href":"https:\/\/eintrachtmittelgruendau.de\/index.php?rest_route=\/wp\/v2\/types\/page"}],"author":[{"embeddable":true,"href":"https:\/\/eintrachtmittelgruendau.de\/index.php?rest_route=\/wp\/v2\/users\/5"}],"replies":[{"embeddable":true,"href":"https:\/\/eintrachtmittelgruendau.de\/index.php?rest_route=%2Fwp%2Fv2%2Fcomments&post=2"}],"version-history":[{"count":51,"href":"https:\/\/eintrachtmittelgruendau.de\/index.php?rest_route=\/wp\/v2\/pages\/2\/revisions"}],"predecessor-version":[{"id":2353,"href":"https:\/\/eintrachtmittelgruendau.de\/index.php?rest_route=\/wp\/v2\/pages\/2\/revisions\/2353"}],"wp:attachment":[{"href":"https:\/\/eintrachtmittelgruendau.de\/index.php?rest_route=%2Fwp%2Fv2%2Fmedia&parent=2"}],"curies":[{"name":"wp","href":"https:\/\/api.w.org\/{rel}","templated":true}]}}