{"id":15,"date":"2013-01-28T13:37:44","date_gmt":"2013-01-28T13:37:44","guid":{"rendered":"http:\/\/wordpress.eintrachtmittelgruendau.de\/?page_id=15"},"modified":"2025-07-23T09:05:20","modified_gmt":"2025-07-23T07:05:20","slug":"vorstand","status":"publish","type":"page","link":"https:\/\/eintrachtmittelgruendau.de\/?page_id=15","title":{"rendered":"Vorstand"},"content":{"rendered":"<p>&nbsp;<\/p>\n<p><img loading=\"lazy\" decoding=\"async\" class=\"size-medium wp-image-2305 aligncenter\" src=\"https:\/\/eintrachtmittelgruendau.de\/wp-content\/uploads\/2025\/06\/WhatsApp-Image-2025-06-10-at-05.19.38-e1749586537993-300x286.jpeg\" alt=\"\" width=\"300\" height=\"286\" srcset=\"https:\/\/eintrachtmittelgruendau.de\/wp-content\/uploads\/2025\/06\/WhatsApp-Image-2025-06-10-at-05.19.38-e1749586537993-300x286.jpeg 300w, https:\/\/eintrachtmittelgruendau.de\/wp-content\/uploads\/2025\/06\/WhatsApp-Image-2025-06-10-at-05.19.38-e1749586537993-1024x975.jpeg 1024w, https:\/\/eintrachtmittelgruendau.de\/wp-content\/uploads\/2025\/06\/WhatsApp-Image-2025-06-10-at-05.19.38-e1749586537993-768x731.jpeg 768w, https:\/\/eintrachtmittelgruendau.de\/wp-content\/uploads\/2025\/06\/WhatsApp-Image-2025-06-10-at-05.19.38-e1749586537993.jpeg 1036w\" sizes=\"auto, (max-width: 300px) 100vw, 300px\" \/><\/p>\n<p>Seit 05.06.2025 besteht der gesch\u00e4ftsf\u00fchrende Vorstand aus folgenden Mitgliedern:<\/p>\n<table style=\"width: 100% border=0;\">\n<tbody>\n<tr valign=\"top\">\n<td valign=\"top\"><strong>1. Vorsitzende<\/strong><br \/>\nIris Walter<br \/>\nIm Wagnersgrund 8<br \/>\n63584 Mittel-Gr\u00fcndau<br \/>\nTel. 06058-910141<br \/>\nE-Mail: <a href=\"mailto:iris@i-walter.de\">Iris Walter<\/a><\/td>\n<td valign=\"top\"><strong>2. Vorsitzende<\/strong><br \/>\nAnja Albano<br \/>\nGrundstr. 17<br \/>\n63584 Hain-Gr\u00fcndau<\/td>\n<\/tr>\n<tr>\n<td valign=\"top\"><strong>Schriftf\u00fchrerin<br \/>\n<\/strong>Astrid Bergmann<br \/>\nHain-Gr\u00fcndauer Str.29<br \/>\n63584 Mittel-Gr\u00fcndau<strong><br \/>\n<\/strong><\/td>\n<td valign=\"top\"><strong>Kassierer<\/strong><br \/>\nG\u00fcnter Ries<br \/>\nBachgasse 53<br \/>\n63584 Mittel-Gr\u00fcndau<br \/>\nTel. 06058-1222<br \/>\nE-Mail: <a href=\"mailto:guenter_ries@web.de\">G\u00fcnter Ries<\/a><\/td>\n<\/tr>\n<tr>\n<td valign=\"top\"><\/td>\n<\/tr>\n<tr>\n<td colspan=\"2\" valign=\"top\"><\/td>\n<\/tr>\n<\/tbody>\n<\/table>\n<div><\/div>\n<div id=\"skype_c2c_menu_container\" class=\"skype_c2c_menu_container\" style=\"display: none;\">\n<div class=\"skype_c2c_menu_click2call\"><a id=\"skype_c2c_menu_click2call_action\" class=\"skype_c2c_menu_click2call_action\"><\/a>Call<\/div>\n<div class=\"skype_c2c_menu_click2sms\"><a id=\"skype_c2c_menu_click2sms_action\" class=\"skype_c2c_menu_click2sms_action\"><\/a>Send SMS<\/div>\n<div class=\"skype_c2c_menu_add2skype\"><a id=\"skype_c2c_menu_add2skype_text\" class=\"skype_c2c_menu_add2skype_text\"><\/a>Add to Skype<\/div>\n<div class=\"skype_c2c_menu_toll_info\"><span class=\"skype_c2c_menu_toll_callcredit\">You&#8217;ll need Skype Credit<\/span><span class=\"skype_c2c_menu_toll_free\">Free via Skype<\/span><\/div>\n<\/div>\n","protected":false},"excerpt":{"rendered":"<p>&nbsp; Seit 05.06.2025 besteht der gesch\u00e4ftsf\u00fchrende Vorstand aus folgenden Mitgliedern: 1. Vorsitzende Iris Walter Im Wagnersgrund 8 63584 Mittel-Gr\u00fcndau Tel. 06058-910141 E-Mail: Iris Walter 2. Vorsitzende Anja Albano Grundstr. 17 63584 Hain-Gr\u00fcndau Schriftf\u00fchrerin Astrid Bergmann Hain-Gr\u00fcndauer Str.29 63584 Mittel-Gr\u00fcndau Kassierer &hellip; <a href=\"https:\/\/eintrachtmittelgruendau.de\/?page_id=15\">Weiterlesen <span class=\"meta-nav\">&rarr;<\/span><\/a><\/p>\n","protected":false},"author":5,"featured_media":0,"parent":2,"menu_order":1,"comment_status":"closed","ping_status":"closed","template":"","meta":{"footnotes":""},"class_list":["post-15","page","type-page","status-publish","hentry"],"_links":{"self":[{"href":"https:\/\/eintrachtmittelgruendau.de\/index.php?rest_route=\/wp\/v2\/pages\/15","targetHints":{"allow":["GET"]}}],"collection":[{"href":"https:\/\/eintrachtmittelgruendau.de\/index.php?rest_route=\/wp\/v2\/pages"}],"about":[{"href":"https:\/\/eintrachtmittelgruendau.de\/index.php?rest_route=\/wp\/v2\/types\/page"}],"author":[{"embeddable":true,"href":"https:\/\/eintrachtmittelgruendau.de\/index.php?rest_route=\/wp\/v2\/users\/5"}],"replies":[{"embeddable":true,"href":"https:\/\/eintrachtmittelgruendau.de\/index.php?rest_route=%2Fwp%2Fv2%2Fcomments&post=15"}],"version-history":[{"count":54,"href":"https:\/\/eintrachtmittelgruendau.de\/index.php?rest_route=\/wp\/v2\/pages\/15\/revisions"}],"predecessor-version":[{"id":2316,"href":"https:\/\/eintrachtmittelgruendau.de\/index.php?rest_route=\/wp\/v2\/pages\/15\/revisions\/2316"}],"up":[{"embeddable":true,"href":"https:\/\/eintrachtmittelgruendau.de\/index.php?rest_route=\/wp\/v2\/pages\/2"}],"wp:attachment":[{"href":"https:\/\/eintrachtmittelgruendau.de\/index.php?rest_route=%2Fwp%2Fv2%2Fmedia&parent=15"}],"curies":[{"name":"wp","href":"https:\/\/api.w.org\/{rel}","templated":true}]}}