{"id":1344,"date":"2016-08-10T20:20:34","date_gmt":"2016-08-10T18:20:34","guid":{"rendered":"http:\/\/wordpress.eintrachtmittelgruendau.de\/?page_id=1344"},"modified":"2016-09-15T10:11:43","modified_gmt":"2016-09-15T08:11:43","slug":"kuendigungskriterien","status":"publish","type":"page","link":"https:\/\/eintrachtmittelgruendau.de\/?page_id=1344","title":{"rendered":"K\u00fcndigungskriterien"},"content":{"rendered":"<p>K\u00fcndigung einer Mitgliedschaft ist gem\u00e4\u00df Vereinssatzung nur zum 31.12. eines Jahres, unter<br \/>\nEinhaltung einer 3monatigen K\u00fcndigungsfrist, m\u00f6glich.<\/p>\n","protected":false},"excerpt":{"rendered":"<p>K\u00fcndigung einer Mitgliedschaft ist gem\u00e4\u00df Vereinssatzung nur zum 31.12. eines Jahres, unter Einhaltung einer 3monatigen K\u00fcndigungsfrist, m\u00f6glich.<\/p>\n","protected":false},"author":5,"featured_media":0,"parent":2,"menu_order":4,"comment_status":"closed","ping_status":"closed","template":"","meta":{"footnotes":""},"class_list":["post-1344","page","type-page","status-publish","hentry"],"_links":{"self":[{"href":"https:\/\/eintrachtmittelgruendau.de\/index.php?rest_route=\/wp\/v2\/pages\/1344","targetHints":{"allow":["GET"]}}],"collection":[{"href":"https:\/\/eintrachtmittelgruendau.de\/index.php?rest_route=\/wp\/v2\/pages"}],"about":[{"href":"https:\/\/eintrachtmittelgruendau.de\/index.php?rest_route=\/wp\/v2\/types\/page"}],"author":[{"embeddable":true,"href":"https:\/\/eintrachtmittelgruendau.de\/index.php?rest_route=\/wp\/v2\/users\/5"}],"replies":[{"embeddable":true,"href":"https:\/\/eintrachtmittelgruendau.de\/index.php?rest_route=%2Fwp%2Fv2%2Fcomments&post=1344"}],"version-history":[{"count":3,"href":"https:\/\/eintrachtmittelgruendau.de\/index.php?rest_route=\/wp\/v2\/pages\/1344\/revisions"}],"predecessor-version":[{"id":1397,"href":"https:\/\/eintrachtmittelgruendau.de\/index.php?rest_route=\/wp\/v2\/pages\/1344\/revisions\/1397"}],"up":[{"embeddable":true,"href":"https:\/\/eintrachtmittelgruendau.de\/index.php?rest_route=\/wp\/v2\/pages\/2"}],"wp:attachment":[{"href":"https:\/\/eintrachtmittelgruendau.de\/index.php?rest_route=%2Fwp%2Fv2%2Fmedia&parent=1344"}],"curies":[{"name":"wp","href":"https:\/\/api.w.org\/{rel}","templated":true}]}}